{"id":5515,"date":"2022-06-03T15:14:01","date_gmt":"2022-06-03T13:14:01","guid":{"rendered":"http:\/\/www.boomolimp.rs\/?post_type=product&#038;p=5515"},"modified":"2026-02-11T11:25:45","modified_gmt":"2026-02-11T10:25:45","slug":"p-2-2","status":"publish","type":"product","link":"https:\/\/www.boomolimp.rs\/?product=p-2-2","title":{"rendered":"P-2-2"},"content":{"rendered":"","protected":false},"excerpt":{"rendered":"<p>Pantalone<\/p>\n<p>Raspon veli\u010dina: 29,30,31,32,33,34,36,38,40,42,44,46<\/p>\n<p>Materijal: 77% pamuk 28% poliester  1% elastin<\/p>\n<p>Kroj: Slim fit<\/p>\n<p>29 veli\u010dina: 50-65 kg \/ 150-165 cm<\/p>\n<p>30 veli\u010dina: 65-70 kg \/ 165-170 cm<\/p>\n<p>31 veli\u010dina: 70-75 kg \/ 170-175 cm<\/p>\n<p>32 veli\u010dina: 75-80 kg \/ 175-180 cm<\/p>\n<p>33 veli\u010dina: 80-85 kg \/ 180-185 cm<\/p>\n<p>34 veli\u010dina: 85-90 kg \/ 185-187 cm<\/p>\n<p>36 veli\u010dina: 90-95 kg \/ 187-190 cm<\/p>\n<p>38 veli\u010dina: 95-105 kg \/ 190- 195 cm<\/p>\n<p>40 veli\u010dina: 105-120 kg \/ 190 &#8211; 200 cm<\/p>\n<p>42 veli\u010dina: 110 -120 kg \/ 180- 200 cm<\/p>\n<p>44 veli\u010dina: 120 -140 kg \/ 180- 205 cm<\/p>\n<p>46 veli\u010dina: 130 -150 kg \/ 180- 205 cm <\/p>\n<p>Napomena: TR Boom Olimp navodi veli\u010dine orijentaciono i kako bi ste lak\u0161e mogli da odaberete veli\u010dinu za Vas.<\/p>\n<p>Naravno, OVE INFORMACIJE SU SAVETODAVNE. Savet nije obavezuju\u0107i, ve\u0107 samo na\u0161a preporuka na osnovu dosada\u0161njeg iskustva u prodaji i rada sa kupcima.Dalja odluka o veli\u010dini koju \u017eelite je POTPUNO Va\u0161a i mi ni u kom smislu ne odgovaramo za Va\u0161 izbor, jer kako smo naveli na\u0161a je samo neobavezuju\u0107a preporuka. Uslu\u010daju da je veli\u010dina i uprkos na\u0161em savetu neogovaraju\u0107a, Vi svakako imate pravo na zamenu ili povratnovca, ali tereti zamene padaju na kupca, jer opet nagla\u0161avamo na\u0161 savet NIJE OBAVEZUJU\u0106I ve\u0107 samo preporuka na osnovu koje vi MO\u017dETE da zasnujete Va\u0161 izbor ili odluku.<\/p>\n<p>ROK ZA ZAMENU ILI POVRAT NOVCA JE 14 DANA OD DANA PRIJEMA ARTIKLA. Tro\u0161kove dostave u oba pravca kod zamena snosi kupac, osim u slu\u010daju reklamacija. Kod povrata novca snosi se tro\u0161ak dostave samo u jednom pravcu.<\/p>\n<p>Sve informacije vezane za zamene, povrata novca ili reklamacija imate na pole\u0111ini ra\u010duna u okvru OBRASCA ZA JEDNOSTRANI RASKID UGOVORA.<\/p>\n<p>Cena dostave je uvek oko 760 dinara! Rokovi isporukesu od 1 do 7 radnih dana u zavisnosti kada poru\u010dite i da li ima ka\u0161njenja kod kurirskih slu\u017ebi! \u0160alje se Aks Express kurirskom slu\u017ebom.<\/p>\n","protected":false},"featured_media":5524,"comment_status":"open","ping_status":"closed","template":"","meta":{"site-sidebar-layout":"default","site-content-layout":"default","ast-global-header-display":"","ast-main-header-display":"","ast-hfb-above-header-display":"","ast-hfb-below-header-display":"","ast-hfb-mobile-header-display":"","site-post-title":"","ast-breadcrumbs-content":"","ast-featured-img":"","footer-sml-layout":"","theme-transparent-header-meta":"default","adv-header-id-meta":"","stick-header-meta":"","header-above-stick-meta":"","header-main-stick-meta":"","header-below-stick-meta":""},"product_cat":[24],"product_tag":[],"class_list":{"0":"post-5515","1":"product","2":"type-product","3":"status-publish","4":"has-post-thumbnail","6":"product_cat-farmerke-pantalone-bermude","7":"pa_velicina-2-41","8":"pa_velicina-2-42","9":"pa_velicina-2-43","10":"pa_velicina-2-44","11":"pa_velicina-2-45","12":"pa_velicina-2-46","13":"pa_velicina-2-47","14":"pa_velicina-2-48","15":"pa_velicina-2-64","16":"pa_velicina-2-65","17":"pa_velicina-2-100","18":"pa_velicina-2-103","19":"desktop-align-left","20":"tablet-align-left","21":"mobile-align-left","23":"first","24":"instock","25":"shipping-taxable","26":"purchasable","27":"product-type-variable"},"_links":{"self":[{"href":"https:\/\/www.boomolimp.rs\/index.php?rest_route=\/wp\/v2\/product\/5515","targetHints":{"allow":["GET"]}}],"collection":[{"href":"https:\/\/www.boomolimp.rs\/index.php?rest_route=\/wp\/v2\/product"}],"about":[{"href":"https:\/\/www.boomolimp.rs\/index.php?rest_route=\/wp\/v2\/types\/product"}],"replies":[{"embeddable":true,"href":"https:\/\/www.boomolimp.rs\/index.php?rest_route=%2Fwp%2Fv2%2Fcomments&post=5515"}],"wp:featuredmedia":[{"embeddable":true,"href":"https:\/\/www.boomolimp.rs\/index.php?rest_route=\/wp\/v2\/media\/5524"}],"wp:attachment":[{"href":"https:\/\/www.boomolimp.rs\/index.php?rest_route=%2Fwp%2Fv2%2Fmedia&parent=5515"}],"wp:term":[{"taxonomy":"product_cat","embeddable":true,"href":"https:\/\/www.boomolimp.rs\/index.php?rest_route=%2Fwp%2Fv2%2Fproduct_cat&post=5515"},{"taxonomy":"product_tag","embeddable":true,"href":"https:\/\/www.boomolimp.rs\/index.php?rest_route=%2Fwp%2Fv2%2Fproduct_tag&post=5515"}],"curies":[{"name":"wp","href":"https:\/\/api.w.org\/{rel}","templated":true}]}}