{"id":19009,"date":"2025-10-21T10:26:02","date_gmt":"2025-10-21T08:26:02","guid":{"rendered":"https:\/\/www.boomolimp.rs\/?post_type=product&#038;p=19009"},"modified":"2025-10-21T10:26:32","modified_gmt":"2025-10-21T08:26:32","slug":"pa-7-5","status":"publish","type":"product","link":"https:\/\/www.boomolimp.rs\/?product=pa-7-5","title":{"rendered":"PA-7-5"},"content":{"rendered":"","protected":false},"excerpt":{"rendered":"<p>Patike;<\/p>\n<p>Materijal &#8211; ko\u017ea;<br \/>\nRaspon veli\u010dina: 40,41,42,43,44,45,46,47,48;<\/p>\n<p>40 &#8211; du\u017eina gazi\u0161ta &#8211; 26,9 cm<br \/>\n41 &#8211; du\u017eina gazi\u0161ta &#8211; 27,5 cm<br \/>\n42 &#8211; du\u017eina gazi\u0161ta &#8211; 28,2 cm<br \/>\n43 &#8211; du\u017eina gazi\u0161ta &#8211; 29,6 cm<br \/>\n44 &#8211; du\u017eina gazi\u0161ta &#8211; 30,1 cm<br \/>\n45 &#8211; du\u017eina gazi\u0161ta &#8211; 30,6 cm<br \/>\n46 &#8211; du\u017eina gazi\u0161ta &#8211; 31,1 cm<br \/>\n47 &#8211; du\u017eina gazi\u0161ta &#8211; 31,7 cm<br \/>\n48 &#8211; du\u017eina gazi\u0161ta &#8211; 32,3 cm<\/p>\n<p>ROK ZA ZAMENU ILI POVRAT NOVCA JE 14 DANA OD DANA PRIJEMA ARTIKLA. Tro\u0161kove dostave u oba pravca kod zamena snosi kupac, osim u slu\u010daju reklamacija. Kod povrata novca snosi se tro\u0161ak dostave samo u jednom pravcu.<br \/>\nSve informacije vezane za zamene, povrata novca ili reklamacija imate na pole\u0111ini ra\u010duna u okvru OBRASCA ZA JEDNOSTRANI RASKID UGOVORA.<\/p>\n<p>Cena dostave je 760 dinara! Rokovi isporuke su od 1 do 7 radnih dana u zavisnosti kada poru\u010dite i da li ima ka\u0161njenja kod kurirskih slu\u017ebi! \u0160alje se Aks Express kurirskom slu\u017ebom.<\/p>\n","protected":false},"featured_media":18989,"comment_status":"open","ping_status":"closed","template":"","meta":{"site-sidebar-layout":"default","site-content-layout":"default","ast-global-header-display":"","ast-main-header-display":"","ast-hfb-above-header-display":"","ast-hfb-below-header-display":"","ast-hfb-mobile-header-display":"","site-post-title":"","ast-breadcrumbs-content":"","ast-featured-img":"","footer-sml-layout":"","theme-transparent-header-meta":"default","adv-header-id-meta":"","stick-header-meta":"","header-above-stick-meta":"","header-main-stick-meta":"","header-below-stick-meta":""},"product_cat":[98],"product_tag":[],"class_list":{"0":"post-19009","1":"product","2":"type-product","3":"status-publish","4":"has-post-thumbnail","6":"product_cat-obuca","7":"desktop-align-left","8":"tablet-align-left","9":"mobile-align-left","11":"first","12":"instock","13":"shipping-taxable","14":"purchasable","15":"product-type-variable"},"_links":{"self":[{"href":"https:\/\/www.boomolimp.rs\/index.php?rest_route=\/wp\/v2\/product\/19009","targetHints":{"allow":["GET"]}}],"collection":[{"href":"https:\/\/www.boomolimp.rs\/index.php?rest_route=\/wp\/v2\/product"}],"about":[{"href":"https:\/\/www.boomolimp.rs\/index.php?rest_route=\/wp\/v2\/types\/product"}],"replies":[{"embeddable":true,"href":"https:\/\/www.boomolimp.rs\/index.php?rest_route=%2Fwp%2Fv2%2Fcomments&post=19009"}],"wp:featuredmedia":[{"embeddable":true,"href":"https:\/\/www.boomolimp.rs\/index.php?rest_route=\/wp\/v2\/media\/18989"}],"wp:attachment":[{"href":"https:\/\/www.boomolimp.rs\/index.php?rest_route=%2Fwp%2Fv2%2Fmedia&parent=19009"}],"wp:term":[{"taxonomy":"product_cat","embeddable":true,"href":"https:\/\/www.boomolimp.rs\/index.php?rest_route=%2Fwp%2Fv2%2Fproduct_cat&post=19009"},{"taxonomy":"product_tag","embeddable":true,"href":"https:\/\/www.boomolimp.rs\/index.php?rest_route=%2Fwp%2Fv2%2Fproduct_tag&post=19009"}],"curies":[{"name":"wp","href":"https:\/\/api.w.org\/{rel}","templated":true}]}}