{"id":18896,"date":"2025-09-27T09:36:52","date_gmt":"2025-09-27T07:36:52","guid":{"rendered":"https:\/\/www.boomolimp.rs\/?post_type=product&#038;p=18896"},"modified":"2025-09-27T09:37:17","modified_gmt":"2025-09-27T07:37:17","slug":"o-60-5","status":"publish","type":"product","link":"https:\/\/www.boomolimp.rs\/?product=o-60-5","title":{"rendered":"O-60-5"},"content":{"rendered":"","protected":false},"excerpt":{"rendered":"<p>Komplet odelo<\/p>\n<p>Raspon veli\u010dina: 50,52,54,56,58,60,62<br \/>\nMaterijal: 35% poliester 65% viskoza<br \/>\nKroj: Slim fit<\/p>\n<p>Okvirni saveti za veli\u010dine:<\/p>\n<p>50 veli\u010dina: 70-75 kg \/ 165 &#8211; 180 cm<br \/>\n52 veli\u010dina: 75-80 kg \/ 165 \u2013 180 cm<br \/>\n54 veli\u010dina : 80-90 kg \/ 170 \u2013 185 cm<br \/>\n56 veli\u010dina: 90-100 kg \/ 175-190 cm<br \/>\n58 veli\u010dina: 100-110 kg \/ 175-195 cm<br \/>\n60 veli\u010dina: 110-120 kg \/ 175 &#8211; 200 cm<br \/>\n62 veli\u010dina: 110-130 kg \/ 175 &#8211; 200 cm<\/p>\n<p>Napomena: TR Boom Olimp navodi savete za veli\u010dine orijentaciono i kako biste lak\u0161e mogli da odaberete veli\u010dinu za Vas.<br \/>\nNaravno, OVE INFORMACIJE SU SAVETODAVNE. Savet nije obavezuju\u0107i, ve\u0107 samo na\u0161a preporuka na osnovu dosada\u0161njeg iskustva u prodaji i rada sa kupcima.Dalja odluka o veli\u010dini koju \u017eelite je POTPUNO Va\u0161a i mi ni u kom smislu ne odgovaramo za Va\u0161 izbor, jer kako smo naveli na\u0161a je samo neobavezuju\u0107a preporuka.U slu\u010daju da je veli\u010dina i uprkos na\u0161em savetu neogovaraju\u0107a, Vi svakako imate pravo na zamenu ili povrat novca, ali tereti zamene padaju na kupca, jer opet nagla\u0161avamo na\u0161 savet NIJE OBAVEZUJU\u0106I ve\u0107 samo preporuka na osnovu koje vi MO\u017dETE da zasnujete Va\u0161 izbor ili odluku.<\/p>\n","protected":false},"featured_media":18882,"comment_status":"open","ping_status":"closed","template":"","meta":{"site-sidebar-layout":"default","site-content-layout":"default","ast-global-header-display":"","ast-main-header-display":"","ast-hfb-above-header-display":"","ast-hfb-below-header-display":"","ast-hfb-mobile-header-display":"","site-post-title":"","ast-breadcrumbs-content":"","ast-featured-img":"","footer-sml-layout":"","theme-transparent-header-meta":"default","adv-header-id-meta":"","stick-header-meta":"","header-above-stick-meta":"","header-main-stick-meta":"","header-below-stick-meta":""},"product_cat":[85],"product_tag":[],"class_list":{"0":"post-18896","1":"product","2":"type-product","3":"status-publish","4":"has-post-thumbnail","6":"product_cat-elegantni-kompleti","7":"pa_velicine-konfekcijske-84","8":"pa_velicine-konfekcijske-49","9":"pa_velicine-konfekcijske-50","10":"pa_velicine-konfekcijske-51","11":"pa_velicine-konfekcijske-52","12":"pa_velicine-konfekcijske-53","13":"pa_velicine-konfekcijske-68","14":"pa_velicine-konfekcijske-79","15":"pa_velicine-konfekcijske-80","16":"pa_velicine-konfekcijske-81","17":"desktop-align-left","18":"tablet-align-left","19":"mobile-align-left","21":"first","22":"instock","23":"shipping-taxable","24":"purchasable","25":"product-type-variable"},"_links":{"self":[{"href":"https:\/\/www.boomolimp.rs\/index.php?rest_route=\/wp\/v2\/product\/18896","targetHints":{"allow":["GET"]}}],"collection":[{"href":"https:\/\/www.boomolimp.rs\/index.php?rest_route=\/wp\/v2\/product"}],"about":[{"href":"https:\/\/www.boomolimp.rs\/index.php?rest_route=\/wp\/v2\/types\/product"}],"replies":[{"embeddable":true,"href":"https:\/\/www.boomolimp.rs\/index.php?rest_route=%2Fwp%2Fv2%2Fcomments&post=18896"}],"wp:featuredmedia":[{"embeddable":true,"href":"https:\/\/www.boomolimp.rs\/index.php?rest_route=\/wp\/v2\/media\/18882"}],"wp:attachment":[{"href":"https:\/\/www.boomolimp.rs\/index.php?rest_route=%2Fwp%2Fv2%2Fmedia&parent=18896"}],"wp:term":[{"taxonomy":"product_cat","embeddable":true,"href":"https:\/\/www.boomolimp.rs\/index.php?rest_route=%2Fwp%2Fv2%2Fproduct_cat&post=18896"},{"taxonomy":"product_tag","embeddable":true,"href":"https:\/\/www.boomolimp.rs\/index.php?rest_route=%2Fwp%2Fv2%2Fproduct_tag&post=18896"}],"curies":[{"name":"wp","href":"https:\/\/api.w.org\/{rel}","templated":true}]}}