{"id":16961,"date":"2024-11-07T09:59:31","date_gmt":"2024-11-07T08:59:31","guid":{"rendered":"https:\/\/www.boomolimp.rs\/?post_type=product&#038;p=16961"},"modified":"2025-06-26T12:31:13","modified_gmt":"2025-06-26T10:31:13","slug":"c-12-4","status":"publish","type":"product","link":"https:\/\/www.boomolimp.rs\/?product=c-12-4","title":{"rendered":"C-12-4"},"content":{"rendered":"","protected":false},"excerpt":{"rendered":"<p>Cipele;<\/p>\n<p>Materijal \u2013 Ko\u017ea;<br \/>\nRaspon veli\u010dina: 41,42,43,44,45,46;<\/p>\n<p>41 &#8211; du\u017eina gazi\u0161ta &#8211; 27,3 cm<br \/>\n42 &#8211; du\u017eina gazi\u0161ta &#8211; 28 cm<br \/>\n43 &#8211; du\u017eina gazi\u0161ta &#8211; 28,6 cm<br \/>\n44 &#8211; du\u017eina gazi\u0161ta &#8211; 29,2 cm<br \/>\n45 &#8211; du\u017eina gazi\u0161ta &#8211; 29,9 cm<br \/>\n46 &#8211; du\u017eina gazi\u0161ta &#8211; 30,5 cm<\/p>\n<p>ROK ZA ZAMENU ILI POVRAT NOVCA JE 14 DANA OD DANA PRIJEMA ARTIKLA. Tro\u0161kove dostave u oba pravca kod zamena snosi kupac, osim u slu\u010daju reklamacija. Kod povrata novca snosi se tro\u0161ak dostave samo u jednom pravcu.<br \/>\nSve informacije vezane za zamene, povrata novca ili reklamacija imate na pole\u0111ini ra\u010duna u okvru OBRASCA ZA JEDNOSTRANI RASKID UGOVORA.<\/p>\n<p>Cena dostave je uvek oko 450 dinara! Rokovi isporuke su od 1 do 7 radnih dana u zavisnosti kada poru\u010dite i da li ima ka\u0161njenja kod kurirskih slu\u017ebi! \u0160alje se Aks Express kurirskom slu\u017ebom.<\/p>\n","protected":false},"featured_media":16702,"comment_status":"open","ping_status":"closed","template":"","meta":{"site-sidebar-layout":"default","site-content-layout":"default","ast-global-header-display":"","ast-main-header-display":"","ast-hfb-above-header-display":"","ast-hfb-below-header-display":"","ast-hfb-mobile-header-display":"","site-post-title":"","ast-breadcrumbs-content":"","ast-featured-img":"","footer-sml-layout":"","theme-transparent-header-meta":"default","adv-header-id-meta":"","stick-header-meta":"","header-above-stick-meta":"","header-main-stick-meta":"","header-below-stick-meta":""},"product_cat":[98],"product_tag":[],"class_list":{"0":"post-16961","1":"product","2":"type-product","3":"status-publish","4":"has-post-thumbnail","6":"product_cat-obuca","7":"desktop-align-left","8":"tablet-align-left","9":"mobile-align-left","11":"first","12":"instock","13":"shipping-taxable","14":"purchasable","15":"product-type-variable"},"_links":{"self":[{"href":"https:\/\/www.boomolimp.rs\/index.php?rest_route=\/wp\/v2\/product\/16961","targetHints":{"allow":["GET"]}}],"collection":[{"href":"https:\/\/www.boomolimp.rs\/index.php?rest_route=\/wp\/v2\/product"}],"about":[{"href":"https:\/\/www.boomolimp.rs\/index.php?rest_route=\/wp\/v2\/types\/product"}],"replies":[{"embeddable":true,"href":"https:\/\/www.boomolimp.rs\/index.php?rest_route=%2Fwp%2Fv2%2Fcomments&post=16961"}],"wp:featuredmedia":[{"embeddable":true,"href":"https:\/\/www.boomolimp.rs\/index.php?rest_route=\/wp\/v2\/media\/16702"}],"wp:attachment":[{"href":"https:\/\/www.boomolimp.rs\/index.php?rest_route=%2Fwp%2Fv2%2Fmedia&parent=16961"}],"wp:term":[{"taxonomy":"product_cat","embeddable":true,"href":"https:\/\/www.boomolimp.rs\/index.php?rest_route=%2Fwp%2Fv2%2Fproduct_cat&post=16961"},{"taxonomy":"product_tag","embeddable":true,"href":"https:\/\/www.boomolimp.rs\/index.php?rest_route=%2Fwp%2Fv2%2Fproduct_tag&post=16961"}],"curies":[{"name":"wp","href":"https:\/\/api.w.org\/{rel}","templated":true}]}}