{"id":15156,"date":"2024-04-11T14:06:55","date_gmt":"2024-04-11T12:06:55","guid":{"rendered":"http:\/\/www.boomolimp.rs\/?post_type=product&#038;p=15156"},"modified":"2025-03-18T13:09:29","modified_gmt":"2025-03-18T12:09:29","slug":"ko-19-4","status":"publish","type":"product","link":"https:\/\/www.boomolimp.rs\/?product=ko-19-4","title":{"rendered":"KO-19-4"},"content":{"rendered":"","protected":false},"excerpt":{"rendered":"<p>Ko\u0161ulja<\/p>\n<p>Raspon veli\u010dina: 4XL,5XL,6XL<br \/>\nMaterijal: 95% pamuk 5% elastin<br \/>\nKroj: Slim fit<\/p>\n<p>4XL veli\u010dina 100-110 kg \/ 175-200 cm<br \/>\n5XL veli\u010dina 110-115 kg \/ 175-200 cm<br \/>\n6XL veli\u010dina 115-125 kg \/ 175-200 cm<\/p>\n<p>Napomena: TR Boom Olimp navodi savete za veli\u010dine orijentaciono i kako bi ste lak\u0161e mogli da odaberete veli\u010dinu za Vas.<br \/>\nNaravno, OVE INFORMACIJE SU SAVETODAVNE. Savet nije obavezuju\u0107i, ve\u0107 samo na\u0161a preporuka na osnovu dosada\u0161njeg iskustva u prodaji i rada sa kupcima.Dalja odluka o veli\u010dini koju \u017eelite je POTPUNO Va\u0161a i mi ni u kom smislu ne odgovaramo za Va\u0161 izbor, jer kako smo naveli na\u0161a je samo neobavezuju\u0107a preporuka. Uslu\u010daju da je veli\u010dina i uprkos na\u0161em savetu neogovaraju\u0107a, Vi svakako imate pravo na zamenu ili povratnovca, ali tereti zamene padaju na kupca, jer opet nagla\u0161avamo na\u0161 savet NIJE OBAVEZUJU\u0106I ve\u0107 samo preporuka na osnovu koje vi MO\u017dETE da zasnujete Va\u0161 izbor ili odluku.<\/p>\n<p>ROK ZA ZAMENU ILI POVRAT NOVCA JE 14 DANA OD DANA PRIJEMA ARTIKLA. Tro\u0161kove dostave u oba pravca kod zamena snosi kupac, osim u slu\u010daju reklamacija. Kod povrata novca snosi se tro\u0161ak dostave samo u jednom pravcu.<br \/>\nSve informacije vezane za zamene, povrata novca ili reklamacija imate na pole\u0111ini ra\u010duna u okvru OBRASCA ZA JEDNOSTRANI RASKID UGOVORA.<\/p>\n<p>Cena dostave je uvek oko 450 dinara! Rokovi isporukesu od 1 do 7 radnih dana u zavisnosti kada poru\u010dite i da li ima ka\u0161njenja kod kurirskih slu\u017ebi! \u0160alje se Aks Express kurirskom slu\u017ebom.<\/p>\n","protected":false},"featured_media":15160,"comment_status":"open","ping_status":"closed","template":"","meta":{"site-sidebar-layout":"default","site-content-layout":"default","ast-global-header-display":"","ast-main-header-display":"","ast-hfb-above-header-display":"","ast-hfb-below-header-display":"","ast-hfb-mobile-header-display":"","site-post-title":"","ast-breadcrumbs-content":"","ast-featured-img":"","footer-sml-layout":"","theme-transparent-header-meta":"default","adv-header-id-meta":"","stick-header-meta":"","header-above-stick-meta":"","header-main-stick-meta":"","header-below-stick-meta":""},"product_cat":[23,78],"product_tag":[],"class_list":{"0":"post-15156","1":"product","2":"type-product","3":"status-publish","4":"has-post-thumbnail","6":"product_cat-kosulje","7":"product_cat-velike-velicine","8":"desktop-align-left","9":"tablet-align-left","10":"mobile-align-left","12":"first","13":"instock","14":"shipping-taxable","15":"purchasable","16":"product-type-variable"},"_links":{"self":[{"href":"https:\/\/www.boomolimp.rs\/index.php?rest_route=\/wp\/v2\/product\/15156","targetHints":{"allow":["GET"]}}],"collection":[{"href":"https:\/\/www.boomolimp.rs\/index.php?rest_route=\/wp\/v2\/product"}],"about":[{"href":"https:\/\/www.boomolimp.rs\/index.php?rest_route=\/wp\/v2\/types\/product"}],"replies":[{"embeddable":true,"href":"https:\/\/www.boomolimp.rs\/index.php?rest_route=%2Fwp%2Fv2%2Fcomments&post=15156"}],"wp:featuredmedia":[{"embeddable":true,"href":"https:\/\/www.boomolimp.rs\/index.php?rest_route=\/wp\/v2\/media\/15160"}],"wp:attachment":[{"href":"https:\/\/www.boomolimp.rs\/index.php?rest_route=%2Fwp%2Fv2%2Fmedia&parent=15156"}],"wp:term":[{"taxonomy":"product_cat","embeddable":true,"href":"https:\/\/www.boomolimp.rs\/index.php?rest_route=%2Fwp%2Fv2%2Fproduct_cat&post=15156"},{"taxonomy":"product_tag","embeddable":true,"href":"https:\/\/www.boomolimp.rs\/index.php?rest_route=%2Fwp%2Fv2%2Fproduct_tag&post=15156"}],"curies":[{"name":"wp","href":"https:\/\/api.w.org\/{rel}","templated":true}]}}