{"id":10126,"date":"2023-05-23T13:26:49","date_gmt":"2023-05-23T11:26:49","guid":{"rendered":"https:\/\/www.boomolimp.rs\/?post_type=product&#038;p=10126"},"modified":"2024-11-14T15:30:04","modified_gmt":"2024-11-14T14:30:04","slug":"kt-9-3","status":"publish","type":"product","link":"https:\/\/www.boomolimp.rs\/?product=kt-9-3","title":{"rendered":"KT-9-3"},"content":{"rendered":"","protected":false},"excerpt":{"rendered":"<p>Komplet prsluk i pantalone<\/p>\n<p>Raspon veli\u010dina: 44,46,48,50,52,54,56,58,60,62<br \/>\nMaterijal: 97% pamuk 3% likra<br \/>\nKroj: Slim fit<\/p>\n<p>Okvirni saveti za veli\u010dine:<br \/>\n44 veli\u010dina: 50-65 kg \/ 150 &#8211; 165 cm<br \/>\n46 veli\u010dina: 65-70 kg \/ 155\u2013 170 cm<br \/>\n48 veli\u010dina : 70-75 kg \/ 160\u2013 175 cm<br \/>\n50 veli\u010dina: 75-80 kg \/ 165-180 cm<br \/>\n52 veli\u010dina: 80-85 kg \/ 170 \u2013 185 cm<br \/>\n54 veli\u010dina 85-90 kg \/ 175- 190 cm<br \/>\n56 veli\u010dina 90-100 kg \/ 180 \u2013 195 cm<br \/>\n58 veli\u010dina 100-110 kg \/ 180 \u2013 200 cm<br \/>\n60 veli\u010dina 110-120 kg \/ 180 \u2013 200 cm<br \/>\n62 veli\u010dina 120-130 kg \/ 180 \u2013 200 cm<\/p>\n<p>Napomena: TR Boom Olimp navodi savete za veli\u010dine orijentaciono i kako biste lak\u0161e mogli da odaberete veli\u010dinu za Vas.<br \/>\nNaravno, OVE INFORMACIJE SU SAVETODAVNE. Savet nije obavezuju\u0107i, ve\u0107 samo na\u0161a preporuka na osnovu dosada\u0161njeg iskustva u prodaji i rada sa kupcima.Dalja odluka o veli\u010dini koju \u017eelite je POTPUNO Va\u0161a i mi ni u kom smislu ne odgovaramo za Va\u0161 izbor, jer kako smo naveli na\u0161a je samo neobavezuju\u0107a preporuka.U slu\u010daju da je veli\u010dina i uprkos na\u0161em savetu neogovaraju\u0107a, Vi svakako imate pravo na zamenu ili povrat novca, ali tereti zamene padaju na kupca, jer opet nagla\u0161avamo na\u0161 savet NIJE OBAVEZUJU\u0106I ve\u0107 samo preporuka na osnovu koje vi MO\u017dETE da zasnujete Va\u0161 izbor ili odluku.<\/p>\n<p>ROK ZA ZAMENU ILI POVRAT NOVCA JE 14 DANA OD DANA PRIJEMA ARTIKLA. Tro\u0161kove dostave u oba pravca kod zamena snosi kupac, osim u slu\u010daju reklamacija. Kod povrata novca snosi se tro\u0161ak dostave samo u jednom pravcu.<br \/>\nSve informacije vezane za zamene, povrata novca ili reklamacija imate na pole\u0111ini ra\u010duna u okvru OBRASCA ZA JEDNOSTRANI RASKID UGOVORA.<\/p>\n<p>Cena dostave je uvek oko 450 dinara! Rokovi isporuke su od 1 do 7 radnih dana u zavisnosti kada poru\u010dite i da li ima ka\u0161njenja kod kurirskih slu\u017ebi! \u0160alje se Aks Express kurirskom slu\u017ebom.<\/p>\n","protected":false},"featured_media":10134,"comment_status":"open","ping_status":"closed","template":"","meta":{"site-sidebar-layout":"default","site-content-layout":"default","ast-global-header-display":"","ast-main-header-display":"","ast-hfb-above-header-display":"","ast-hfb-below-header-display":"","ast-hfb-mobile-header-display":"","site-post-title":"","ast-breadcrumbs-content":"","ast-featured-img":"","footer-sml-layout":"","theme-transparent-header-meta":"default","adv-header-id-meta":"","stick-header-meta":"","header-above-stick-meta":"","header-main-stick-meta":"","header-below-stick-meta":""},"product_cat":[85,78],"product_tag":[],"class_list":{"0":"post-10126","1":"product","2":"type-product","3":"status-publish","4":"has-post-thumbnail","6":"product_cat-elegantni-kompleti","7":"product_cat-velike-velicine","8":"pa_velicine-konfekcijske-84","9":"pa_velicine-konfekcijske-49","10":"pa_velicine-konfekcijske-50","11":"pa_velicine-konfekcijske-51","12":"pa_velicine-konfekcijske-52","13":"pa_velicine-konfekcijske-53","14":"pa_velicine-konfekcijske-68","15":"pa_velicine-konfekcijske-79","16":"pa_velicine-konfekcijske-80","17":"pa_velicine-konfekcijske-81","18":"desktop-align-left","19":"tablet-align-left","20":"mobile-align-left","22":"first","23":"instock","24":"shipping-taxable","25":"purchasable","26":"product-type-variable"},"_links":{"self":[{"href":"https:\/\/www.boomolimp.rs\/index.php?rest_route=\/wp\/v2\/product\/10126","targetHints":{"allow":["GET"]}}],"collection":[{"href":"https:\/\/www.boomolimp.rs\/index.php?rest_route=\/wp\/v2\/product"}],"about":[{"href":"https:\/\/www.boomolimp.rs\/index.php?rest_route=\/wp\/v2\/types\/product"}],"replies":[{"embeddable":true,"href":"https:\/\/www.boomolimp.rs\/index.php?rest_route=%2Fwp%2Fv2%2Fcomments&post=10126"}],"wp:featuredmedia":[{"embeddable":true,"href":"https:\/\/www.boomolimp.rs\/index.php?rest_route=\/wp\/v2\/media\/10134"}],"wp:attachment":[{"href":"https:\/\/www.boomolimp.rs\/index.php?rest_route=%2Fwp%2Fv2%2Fmedia&parent=10126"}],"wp:term":[{"taxonomy":"product_cat","embeddable":true,"href":"https:\/\/www.boomolimp.rs\/index.php?rest_route=%2Fwp%2Fv2%2Fproduct_cat&post=10126"},{"taxonomy":"product_tag","embeddable":true,"href":"https:\/\/www.boomolimp.rs\/index.php?rest_route=%2Fwp%2Fv2%2Fproduct_tag&post=10126"}],"curies":[{"name":"wp","href":"https:\/\/api.w.org\/{rel}","templated":true}]}}